{"id":10,"date":"2022-02-22T15:29:06","date_gmt":"2022-02-22T15:29:06","guid":{"rendered":"http:\/\/bsb-wiesmoor.de\/?page_id=10"},"modified":"2025-01-20T10:06:51","modified_gmt":"2025-01-20T10:06:51","slug":"home","status":"publish","type":"page","link":"https:\/\/bsb-wiesmoor.de\/","title":{"rendered":"Home"},"content":{"rendered":"\n<p><\/p>\n\n\n\n<div class=\"wp-block-columns is-layout-flex wp-container-core-columns-is-layout-28f84493 wp-block-columns-is-layout-flex\">\n<div class=\"wp-block-column is-layout-flow wp-block-column-is-layout-flow\" style=\"flex-basis:100%\">\n<h1 class=\"wp-block-heading has-text-align-center has-ast-global-color-1-color has-text-color has-large-font-size\"><span>Buchf\u00fchrungs- und Schreibb\u00fcro Bolten Dienstleistungen aller Art GmbH<\/span> <\/h1>\n\n\n\n<h1 class=\"wp-block-heading has-text-align-center has-ast-global-color-1-color has-text-color has-large-font-size\">Neuer Weg 117 * 26639 Wiesmoor <\/h1>\n\n\n\n<h1 class=\"wp-block-heading has-text-align-center has-ast-global-color-1-color has-text-color has-large-font-size\">Telefon: 04944 \u2013 306 &nbsp;79 69<\/h1>\n\n\n\n<p><\/p>\n\n\n\n<p class=\"has-black-color has-ast-global-color-5-background-color has-text-color has-background\" style=\"font-style:normal;font-weight:600\">Erstellung von Finanz- und Lohnbuchhaltungen, soweit das Steuerberatungsgesetz und andere Gesetze es zulassen, sowie Schreibarbeiten aller Art.<\/p>\n\n\n\n<p class=\"has-black-color has-ast-global-color-5-background-color has-text-color has-background\" style=\"font-style:normal;font-weight:600\">Erbringung zulassungsfreier Dienst- und Bauleistungen in den Bereichen Geb\u00e4udesanierung, Trocken- und Innenausbau, dekorative Raumgestaltung, Grundst\u00fcckspflege und Geb\u00e4udeservice mit allen damit zusammenh\u00e4ngenden T\u00e4tigkeiten.<\/p>\n\n\n\n<p class=\"has-black-color has-ast-global-color-5-background-color has-text-color has-background\" style=\"font-style:normal;font-weight:600\">Errichtung und Betrieb von Hotel- und Gastronomiebetrieben aller Art.<\/p>\n\n\n\n<p class=\"has-ast-global-color-5-color has-ast-global-color-0-background-color has-text-color has-background\" style=\"font-style:normal;font-weight:600\">An- und Verkauf sowie Internethandel von Waren verschiedener Art, insbesondere Materialien f\u00fcr den Baubereich, Elektro- und Sanit\u00e4rartikel, Bekleidung sowie Gastronomiebedarf und -zubeh\u00f6r.<\/p>\n\n\n\n<div class=\"wp-block-group has-global-padding is-layout-constrained wp-block-group-is-layout-constrained\">\n<p class=\"has-text-align-center has-ast-global-color-1-color has-text-color has-large-font-size\"><\/p>\n<\/div>\n<\/div>\n<\/div>\n\n\n\n<div class=\"wp-block-buttons is-layout-flex wp-block-buttons-is-layout-flex\"><\/div>\n\n\n\n<div class=\"wp-block-columns is-layout-flex wp-container-core-columns-is-layout-28f84493 wp-block-columns-is-layout-flex\"><\/div>\n\n\n\n<div class=\"wp-block-query has-global-padding is-layout-constrained wp-block-query-is-layout-constrained\"><\/div>\n\n\n\n<p><\/p>\n","protected":false},"excerpt":{"rendered":"<p>Buchf\u00fchrungs- und Schreibb\u00fcro Bolten Dienstleistungen aller Art GmbH Neuer Weg 117 * 26639 Wiesmoor Telefon: 04944 \u2013 306 &nbsp;79 69 Erstellung von Finanz- und Lohnbuchhaltungen, soweit das Steuerberatungsgesetz und andere Gesetze es zulassen, sowie Schreibarbeiten aller Art. Erbringung zulassungsfreier Dienst- und Bauleistungen in den Bereichen Geb\u00e4udesanierung, Trocken- und Innenausbau, dekorative Raumgestaltung, Grundst\u00fcckspflege und Geb\u00e4udeservice mit [&hellip;]<\/p>\n","protected":false},"author":1,"featured_media":0,"parent":0,"menu_order":1,"comment_status":"closed","ping_status":"closed","template":"","meta":{"footnotes":""},"class_list":["post-10","page","type-page","status-publish","hentry"],"_links":{"self":[{"href":"https:\/\/bsb-wiesmoor.de\/index.php?rest_route=\/wp\/v2\/pages\/10","targetHints":{"allow":["GET"]}}],"collection":[{"href":"https:\/\/bsb-wiesmoor.de\/index.php?rest_route=\/wp\/v2\/pages"}],"about":[{"href":"https:\/\/bsb-wiesmoor.de\/index.php?rest_route=\/wp\/v2\/types\/page"}],"author":[{"embeddable":true,"href":"https:\/\/bsb-wiesmoor.de\/index.php?rest_route=\/wp\/v2\/users\/1"}],"replies":[{"embeddable":true,"href":"https:\/\/bsb-wiesmoor.de\/index.php?rest_route=%2Fwp%2Fv2%2Fcomments&post=10"}],"version-history":[{"count":5,"href":"https:\/\/bsb-wiesmoor.de\/index.php?rest_route=\/wp\/v2\/pages\/10\/revisions"}],"predecessor-version":[{"id":451,"href":"https:\/\/bsb-wiesmoor.de\/index.php?rest_route=\/wp\/v2\/pages\/10\/revisions\/451"}],"wp:attachment":[{"href":"https:\/\/bsb-wiesmoor.de\/index.php?rest_route=%2Fwp%2Fv2%2Fmedia&parent=10"}],"curies":[{"name":"wp","href":"https:\/\/api.w.org\/{rel}","templated":true}]}}